{"id":6634,"date":"2024-09-07T16:31:42","date_gmt":"2024-09-07T16:31:42","guid":{"rendered":"https:\/\/antakademi.com.tr\/?page_id=6634"},"modified":"2024-09-17T07:56:26","modified_gmt":"2024-09-17T07:56:26","slug":"molbiyotek","status":"publish","type":"page","link":"https:\/\/antakademi.com.tr\/en\/molbiyotek\/","title":{"rendered":"MOLB\u0130YOTEK"},"content":{"rendered":"<div data-elementor-type=\"wp-page\" data-elementor-id=\"6634\" class=\"elementor elementor-6634\">\n\t\t\t\t<div class=\"elementor-element elementor-element-046366b e-flex e-con-boxed e-con e-parent\" data-id=\"046366b\" data-element_type=\"container\">\n\t\t\t\t\t<div class=\"e-con-inner\">\n\t\t<div class=\"elementor-element elementor-element-0cd32ca e-con-full e-flex e-con e-child\" data-id=\"0cd32ca\" data-element_type=\"container\">\n\t\t\t\t<div class=\"elementor-element elementor-element-a872eb4 elementor-widget elementor-widget-image\" data-id=\"a872eb4\" data-element_type=\"widget\" data-widget_type=\"image.default\">\n\t\t\t\t<div class=\"elementor-widget-container\">\n\t\t\t<style>\/*! elementor - v3.23.0 - 05-08-2024 *\/\n.elementor-widget-image{text-align:center}.elementor-widget-image a{display:inline-block}.elementor-widget-image a img[src$=\".svg\"]{width:48px}.elementor-widget-image img{vertical-align:middle;display:inline-block}<\/style>\t\t\t\t\t\t\t\t\t\t<img fetchpriority=\"high\" decoding=\"async\" width=\"731\" height=\"1024\" src=\"https:\/\/antakademi.com.tr\/wp-content\/uploads\/2024\/09\/6183202187_13.Ulusal-Molekuler-Biyoloji-ve-Biyoteknoloji-Kongresi-1-731x1024.jpg\" class=\"attachment-large size-large wp-image-6867\" alt=\"\" srcset=\"https:\/\/antakademi.com.tr\/wp-content\/uploads\/2024\/09\/6183202187_13.Ulusal-Molekuler-Biyoloji-ve-Biyoteknoloji-Kongresi-1-731x1024.jpg 731w, https:\/\/antakademi.com.tr\/wp-content\/uploads\/2024\/09\/6183202187_13.Ulusal-Molekuler-Biyoloji-ve-Biyoteknoloji-Kongresi-1-214x300.jpg 214w, https:\/\/antakademi.com.tr\/wp-content\/uploads\/2024\/09\/6183202187_13.Ulusal-Molekuler-Biyoloji-ve-Biyoteknoloji-Kongresi-1-768x1075.jpg 768w, https:\/\/antakademi.com.tr\/wp-content\/uploads\/2024\/09\/6183202187_13.Ulusal-Molekuler-Biyoloji-ve-Biyoteknoloji-Kongresi-1-1097x1536.jpg 1097w, https:\/\/antakademi.com.tr\/wp-content\/uploads\/2024\/09\/6183202187_13.Ulusal-Molekuler-Biyoloji-ve-Biyoteknoloji-Kongresi-1-9x12.jpg 9w, https:\/\/antakademi.com.tr\/wp-content\/uploads\/2024\/09\/6183202187_13.Ulusal-Molekuler-Biyoloji-ve-Biyoteknoloji-Kongresi-1.jpg 1130w\" sizes=\"(max-width: 731px) 100vw, 731px\" \/>\t\t\t\t\t\t\t\t\t\t\t\t\t<\/div>\n\t\t\t\t<\/div>\n\t\t\t\t<\/div>\n\t\t<div class=\"elementor-element elementor-element-7b6ed7b e-con-full e-flex e-con e-child\" data-id=\"7b6ed7b\" data-element_type=\"container\">\n\t\t\t\t<div class=\"elementor-element elementor-element-5776f30 elementor-widget elementor-widget-text-editor\" data-id=\"5776f30\" data-element_type=\"widget\" data-widget_type=\"text-editor.default\">\n\t\t\t\t<div class=\"elementor-widget-container\">\n\t\t\t<style>\/*! elementor - v3.23.0 - 05-08-2024 *\/\n.elementor-widget-text-editor.elementor-drop-cap-view-stacked .elementor-drop-cap{background-color:#69727d;color:#fff}.elementor-widget-text-editor.elementor-drop-cap-view-framed .elementor-drop-cap{color:#69727d;border:3px solid;background-color:transparent}.elementor-widget-text-editor:not(.elementor-drop-cap-view-default) .elementor-drop-cap{margin-top:8px}.elementor-widget-text-editor:not(.elementor-drop-cap-view-default) .elementor-drop-cap-letter{width:1em;height:1em}.elementor-widget-text-editor .elementor-drop-cap{float:left;text-align:center;line-height:1;font-size:50px}.elementor-widget-text-editor .elementor-drop-cap-letter{display:inline-block}<\/style>\t\t\t\t<p><span style=\"color: #000000; font-family: times new roman; font-size: medium;\">De\u011ferli Kat\u0131l\u0131mc\u0131lar,\u00a0<br \/><\/span><\/p><div><span style=\"color: #000000; font-family: times new roman; font-size: medium;\">Bilimsel \u00e7al\u0131\u015fmalar\u0131n temelinde yatan kalite ve g\u00fcvenilirlik ilkeleri, Molek\u00fcler Biyoloji ve Biyoteknoloji alan\u0131ndaki bilgi payla\u015f\u0131m\u0131n\u0131n, \u00fclkemizdeki ara\u015ft\u0131rmac\u0131lar aras\u0131nda art\u0131r\u0131lmas\u0131 ile birlikte, \u00f6nemli katk\u0131lara vesile olacakt\u0131r. Bu ba\u011flamda, g\u00fcncel bilgilerin etkili bir bi\u00e7imde payla\u015f\u0131lmas\u0131, hem \u00fclkemizdeki bilim insanlar\u0131n\u0131n hem de k\u00fcresel bilim d\u00fcnyas\u0131n\u0131n geli\u015fimine olumlu y\u00f6nde katk\u0131 sa\u011flayacakt\u0131r.<\/span><\/div><div><span style=\"color: #000000; font-family: times new roman; font-size: medium;\">\u00a0<\/span><\/div><div><span style=\"color: #000000; font-family: times new roman; font-size: medium;\">Molek\u00fcler Biyoloji ve Biyoteknoloji, g\u00fcn\u00fcm\u00fczde bilimsel ve teknolojik geli\u015fmelerin odak noktalar\u0131ndan biridir. Bu alanlardaki g\u00fcncel ara\u015ft\u0131rmalar\u0131n ve bulgular\u0131n payla\u015f\u0131m\u0131, bilim d\u00fcnyas\u0131nda daha ileri seviyelere ula\u015fmam\u0131za yard\u0131mc\u0131 olacak bir temel olu\u015fturacakt\u0131r. Ayn\u0131 zamanda, bu bilgilerin \u00fclkemiz ara\u015ft\u0131rmac\u0131lar\u0131 aras\u0131nda yay\u0131lmas\u0131, yerel bilimsel kapasitenin art\u0131r\u0131lmas\u0131na ve ulusal d\u00fczeyde bilimsel \u00fcretkenli\u011fin g\u00fc\u00e7lenmesine katk\u0131da bulunacakt\u0131r.<\/span><\/div><div><span style=\"color: #000000; font-family: times new roman; font-size: medium;\">\u00a0<\/span><\/div><div><span style=\"color: #000000; font-family: times new roman; font-size: medium;\">Bu \u00e7er\u00e7evede, ulusal d\u00fczeyde d\u00fczenlenecek bilimsel etkinlikler, konferanslar ve \u00e7al\u0131\u015ftaylar, bilim insanlar\u0131n\u0131n bir araya gelerek deneyim ve bilgi payla\u015f\u0131m\u0131nda bulunmalar\u0131n\u0131 sa\u011flayacakt\u0131r. Ayr\u0131ca, uluslararas\u0131 d\u00fczeyde i\u015f birlikleri ve projeler arac\u0131l\u0131\u011f\u0131yla yabanc\u0131 bilim insanlar\u0131 ile etkile\u015fim imkan\u0131 yarat\u0131lacak, bu da bilgi transferini art\u0131racakt\u0131r.<\/span><\/div><div><span style=\"color: #000000; font-family: times new roman; font-size: medium;\">\u00a0<\/span><\/div><div><span style=\"color: #000000; font-family: times new roman; font-size: medium;\">Bilimsel \u00e7al\u0131\u015fmalar\u0131n kalitesinin art\u0131r\u0131lmas\u0131, do\u011fru ve g\u00fcvenilir bilgi \u00fcretimine odaklanmay\u0131 gerektirir. Bu nedenle, laboratuvar standartlar\u0131n\u0131n y\u00fckseltilmesi, veri analizi y\u00f6ntemlerinin g\u00fcncellenmesi ve etik kurallara s\u0131k\u0131 bir \u015fekilde uyulmas\u0131, bilimsel ara\u015ft\u0131rmalar\u0131n g\u00fcvenilirli\u011fini sa\u011flamak ad\u0131na \u00f6nemlidir.<\/span><\/div><div><span style=\"color: #000000; font-family: times new roman; font-size: medium;\">\u00a0<\/span><\/div><div><span style=\"color: #000000; font-family: times new roman; font-size: medium;\">Bu nedenle, bilim insanlar\u0131n\u0131n 13. Ulusal Molek\u00fcler Biyoloji ve Biyoteknoloji Kongresi (<i><a href=\"http:\/\/www.biyoloji.gen.tr\/\" target=\"_blank\" rel=\"noopener\" data-saferedirecturl=\"https:\/\/www.google.com\/url?q=http:\/\/www.biyoloji.gen.tr&amp;source=gmail&amp;ust=1647108643818000&amp;usg=AOvVaw1U-_5zG19zEM3_6SmQ-Ulw\">www.biyoloji.gen.tr<\/a><\/i>) nedeniyle ONLINE olarak bulu\u015fmas\u0131n\u0131 olduk\u00e7a \u00f6nemsemekteyiz.<\/span><\/div><div><span style=\"color: #000000; font-family: times new roman; font-size: medium;\">\u00a0<\/span><\/div><div><span style=\"color: #000000; font-family: times new roman; font-size: medium;\">Molek\u00fcler Biyoloji ve Biyoteknoloji bilimleri; Biyoloji ba\u015fta olmak \u00fczere, T\u0131p, Di\u015f Hekimli\u011fi, Eczac\u0131l\u0131k, Veterinerlik, Kimya, Orman ve Ziraat gibi multidisipliner alanlar\u0131n bir arada ve i\u015fbirli\u011fi i\u00e7inde \u00e7al\u0131\u015fmas\u0131n\u0131 gerektirmektedir. D\u00fczenlenen kongre oturumlar\u0131nda multidisipliner \u00e7al\u0131\u015fmalarla kat\u0131l\u0131m bilim d\u00fcnyas\u0131n\u0131n zenginle\u015fmesine sebep olacakt\u0131r.<\/span><\/div><div><span style=\"color: #000000; font-family: times new roman; font-size: medium;\">\u00a0<\/span><\/div><div><span style=\"color: #000000; font-family: times new roman; font-size: medium;\">T\u00fcm olumlu enerjimiz ve co\u015fkumuzla, Molek\u00fcler Biyoloji ve Biyoteknoloji bilimlerinin T\u00fcrkiye&#8217;de parlak bir gelece\u011fe ilerlemesi ve evrensel bilime \u00f6nemli katk\u0131larda bulunmas\u0131 amac\u0131yla, sizlerin deste\u011fiyle bilimsel, payla\u015f\u0131mc\u0131 ve kat\u0131l\u0131mc\u0131 bir kongre d\u00fczenleme hedefimizi ger\u00e7ekle\u015ftirmeyi ama\u00e7l\u0131yoruz.<br \/><\/span><\/div><div><span style=\"color: #000000; font-family: times new roman; font-size: medium;\">\u00a0<\/span><\/div><div><span style=\"color: #000000; font-family: times new roman; font-size: medium;\">Bu ama\u00e7la sizleri 01-03 Kas\u0131m 2024 tarihlerinde ONLINE olarak d\u00fczenleyece\u011fimiz kongreye davet etmekten\u00a0onur duydu\u011fumuzu bildirir, sayg\u0131lar\u0131m\u0131z\u0131 sunar\u0131z.<\/span><\/div><p><span style=\"color: #000000; font-family: times new roman; font-size: medium;\"><b>KONGRE BA\u015eKANI<\/b><\/span><\/p><p><span style=\"color: #000000; font-family: times new roman; font-size: medium;\">Prof. Dr. Mehmet KARATA\u015e, Necmettin Erbakan \u00dcniversitesi<\/span><\/p><p><span style=\"color: #000000; font-family: times new roman; font-size: medium;\"><b>D\u00dcZENLEME KURULU BA\u015eKANI<\/b><\/span><\/p><p><span style=\"color: #000000; font-family: times new roman; font-size: medium;\">Dr. \u00d6\u011fretim \u00dcyesi Sevin\u00e7 AK\u00c7AY, K\u0131r\u015fehir Ahi Evran \u00dcniversitesi<\/span><\/p>\t\t\t\t\t\t<\/div>\n\t\t\t\t<\/div>\n\t\t\t\t<\/div>\n\t\t\t\t\t<\/div>\n\t\t\t\t<\/div>\n\t\t<div class=\"elementor-element elementor-element-1c12769 e-flex e-con-boxed e-con e-parent\" data-id=\"1c12769\" data-element_type=\"container\">\n\t\t\t\t\t<div class=\"e-con-inner\">\n\t\t\t\t<div class=\"elementor-element elementor-element-bb37029 elementor-align-center elementor-widget elementor-widget-button\" data-id=\"bb37029\" data-element_type=\"widget\" data-widget_type=\"button.default\">\n\t\t\t\t<div class=\"elementor-widget-container\">\n\t\t\t\t\t<div class=\"elementor-button-wrapper\">\n\t\t\t<a class=\"elementor-button elementor-button-link elementor-size-sm\" href=\"https:\/\/www.biyoloji.gen.tr\/congre\/\">\n\t\t\t\t\t\t<span class=\"elementor-button-content-wrapper\">\n\t\t\t\t\t\t\t\t\t<span class=\"elementor-button-text\">Kongre Websitesi<\/span>\n\t\t\t\t\t<\/span>\n\t\t\t\t\t<\/a>\n\t\t<\/div>\n\t\t\t\t<\/div>\n\t\t\t\t<\/div>\n\t\t\t\t\t<\/div>\n\t\t\t\t<\/div>\n\t\t\t\t<\/div>","protected":false},"excerpt":{"rendered":"<p>De\u011ferli Kat\u0131l\u0131mc\u0131lar,\u00a0 Bilimsel \u00e7al\u0131\u015fmalar\u0131n temelinde yatan kalite ve g\u00fcvenilirlik ilkeleri, Molek\u00fcler Biyoloji ve Biyoteknoloji alan\u0131ndaki bilgi payla\u015f\u0131m\u0131n\u0131n, \u00fclkemizdeki ara\u015ft\u0131rmac\u0131lar aras\u0131nda [&hellip;]<\/p>","protected":false},"author":1,"featured_media":0,"parent":0,"menu_order":0,"comment_status":"closed","ping_status":"closed","template":"","meta":{"footnotes":""},"class_list":["post-6634","page","type-page","status-publish","hentry"],"_links":{"self":[{"href":"https:\/\/antakademi.com.tr\/en\/wp-json\/wp\/v2\/pages\/6634","targetHints":{"allow":["GET"]}}],"collection":[{"href":"https:\/\/antakademi.com.tr\/en\/wp-json\/wp\/v2\/pages"}],"about":[{"href":"https:\/\/antakademi.com.tr\/en\/wp-json\/wp\/v2\/types\/page"}],"author":[{"embeddable":true,"href":"https:\/\/antakademi.com.tr\/en\/wp-json\/wp\/v2\/users\/1"}],"replies":[{"embeddable":true,"href":"https:\/\/antakademi.com.tr\/en\/wp-json\/wp\/v2\/comments?post=6634"}],"version-history":[{"count":4,"href":"https:\/\/antakademi.com.tr\/en\/wp-json\/wp\/v2\/pages\/6634\/revisions"}],"predecessor-version":[{"id":6870,"href":"https:\/\/antakademi.com.tr\/en\/wp-json\/wp\/v2\/pages\/6634\/revisions\/6870"}],"wp:attachment":[{"href":"https:\/\/antakademi.com.tr\/en\/wp-json\/wp\/v2\/media?parent=6634"}],"curies":[{"name":"wp","href":"https:\/\/api.w.org\/{rel}","templated":true}]}}