{"id":6632,"date":"2024-09-07T16:31:42","date_gmt":"2024-09-07T16:31:42","guid":{"rendered":"https:\/\/antakademi.com.tr\/?page_id=6632"},"modified":"2024-09-17T07:45:00","modified_gmt":"2024-09-17T07:45:00","slug":"iclar","status":"publish","type":"page","link":"https:\/\/antakademi.com.tr\/en\/iclar\/","title":{"rendered":"ICLAR"},"content":{"rendered":"<div data-elementor-type=\"wp-page\" data-elementor-id=\"6632\" class=\"elementor elementor-6632\">\n\t\t\t\t<div class=\"elementor-element elementor-element-d4a881b e-flex e-con-boxed e-con e-parent\" data-id=\"d4a881b\" data-element_type=\"container\">\n\t\t\t\t\t<div class=\"e-con-inner\">\n\t\t<div class=\"elementor-element elementor-element-12597e7 e-con-full e-flex e-con e-child\" data-id=\"12597e7\" data-element_type=\"container\">\n\t\t\t\t<div class=\"elementor-element elementor-element-8403708 elementor-widget elementor-widget-image\" data-id=\"8403708\" data-element_type=\"widget\" data-widget_type=\"image.default\">\n\t\t\t\t<div class=\"elementor-widget-container\">\n\t\t\t<style>\/*! elementor - v3.23.0 - 05-08-2024 *\/\n.elementor-widget-image{text-align:center}.elementor-widget-image a{display:inline-block}.elementor-widget-image a img[src$=\".svg\"]{width:48px}.elementor-widget-image img{vertical-align:middle;display:inline-block}<\/style>\t\t\t\t\t\t\t\t\t\t<img fetchpriority=\"high\" decoding=\"async\" width=\"731\" height=\"1024\" src=\"https:\/\/antakademi.com.tr\/wp-content\/uploads\/2024\/09\/5299473406_6-th-INTERNATIONAL-LANDSCAPE-ARCHITECTURE_page-0001-731x1024.jpg\" class=\"attachment-large size-large wp-image-6847\" alt=\"\" srcset=\"https:\/\/antakademi.com.tr\/wp-content\/uploads\/2024\/09\/5299473406_6-th-INTERNATIONAL-LANDSCAPE-ARCHITECTURE_page-0001-731x1024.jpg 731w, https:\/\/antakademi.com.tr\/wp-content\/uploads\/2024\/09\/5299473406_6-th-INTERNATIONAL-LANDSCAPE-ARCHITECTURE_page-0001-214x300.jpg 214w, https:\/\/antakademi.com.tr\/wp-content\/uploads\/2024\/09\/5299473406_6-th-INTERNATIONAL-LANDSCAPE-ARCHITECTURE_page-0001-768x1075.jpg 768w, https:\/\/antakademi.com.tr\/wp-content\/uploads\/2024\/09\/5299473406_6-th-INTERNATIONAL-LANDSCAPE-ARCHITECTURE_page-0001-1097x1536.jpg 1097w, https:\/\/antakademi.com.tr\/wp-content\/uploads\/2024\/09\/5299473406_6-th-INTERNATIONAL-LANDSCAPE-ARCHITECTURE_page-0001-9x12.jpg 9w, https:\/\/antakademi.com.tr\/wp-content\/uploads\/2024\/09\/5299473406_6-th-INTERNATIONAL-LANDSCAPE-ARCHITECTURE_page-0001.jpg 1130w\" sizes=\"(max-width: 731px) 100vw, 731px\" \/>\t\t\t\t\t\t\t\t\t\t\t\t\t<\/div>\n\t\t\t\t<\/div>\n\t\t\t\t<\/div>\n\t\t<div class=\"elementor-element elementor-element-5ff9c19 e-con-full e-flex e-con e-child\" data-id=\"5ff9c19\" data-element_type=\"container\">\n\t\t\t\t<div class=\"elementor-element elementor-element-1732739 elementor-widget elementor-widget-text-editor\" data-id=\"1732739\" data-element_type=\"widget\" data-widget_type=\"text-editor.default\">\n\t\t\t\t<div class=\"elementor-widget-container\">\n\t\t\t<style>\/*! elementor - v3.23.0 - 05-08-2024 *\/\n.elementor-widget-text-editor.elementor-drop-cap-view-stacked .elementor-drop-cap{background-color:#69727d;color:#fff}.elementor-widget-text-editor.elementor-drop-cap-view-framed .elementor-drop-cap{color:#69727d;border:3px solid;background-color:transparent}.elementor-widget-text-editor:not(.elementor-drop-cap-view-default) .elementor-drop-cap{margin-top:8px}.elementor-widget-text-editor:not(.elementor-drop-cap-view-default) .elementor-drop-cap-letter{width:1em;height:1em}.elementor-widget-text-editor .elementor-drop-cap{float:left;text-align:center;line-height:1;font-size:50px}.elementor-widget-text-editor .elementor-drop-cap-letter{display:inline-block}<\/style>\t\t\t\t<p style=\"font-weight: 300;\">Dear Colleagues,<\/p><p style=\"font-weight: 300;\">We are pleased to invite you to participate in &#8220;The 6th\u00a0International Congress on Landscape Architecture Research&#8221; and \u201c5th\u00a0National Congress on Landscape Architecture Research\u201d. The Congress\u201d will be held online on November 15 &#8211; 17\u00a0 2024.\u00a0<\/p><p style=\"font-weight: 300;\">Main Theme of this year\u2019s congress is\u00a0Climate Sensitive Design and Sustainable Landscape Architecture.\u00a0For more detail regarding the sub-themes please check congress web page (<a href=\"https:\/\/www.iclar.org\/congre\/default.asp?id=4&amp;#congre\">www.iclar.org<\/a>)<\/p><p style=\"font-weight: 300;\">The purpose of this congress is to come together with academic scientists, researchers, research scholars, and professionals to exchange knowledge and experiences on the fields of sustainability, technology, smart design ideas, ecology, health, environment and sociology and thus to prepare the ground for further studies in the field of Landscape Architecture.<\/p><p style=\"font-weight: 300;\">The conference with substantive sessions that provides opportunities to focus on specific areas will be a great opportunity for academics from a range of disciplines and countries to share their research; to receive informal in-depth feedback through discussions and to establish contact with professionals in other countries and institutions<\/p><p style=\"font-weight: 300;\">So, we invite you to contribute with papers and presentations, as well to participate in &#8220;The 6th\u00a0International Congress on Landscape Architecture Research\u201d.<\/p><p style=\"font-weight: 300;\">All presented paper\u2019s abstracts will be published in the congress proceedings.\u00a0 Selected full papers will be submitted to a scientific selection process after which they will be published in International Journal of Landscape Architecture Research.<\/p><p style=\"font-weight: 300;\">We look forward to meeting you.<\/p><p style=\"font-weight: 300;\">Sincerely,<\/p><p style=\"font-weight: 300;\">\u00a0<\/p><p style=\"font-weight: 300;\">IPEK KASTAS UZUN, PhD.<br \/>Chair Congress<\/p><p style=\"font-weight: 300;\">Landscape Architect and Urban Designer<\/p><p style=\"font-weight: 300;\">Department of Interior Architecture and Environmental Design,<\/p><p style=\"font-weight: 300;\">Faculty of Fine Arts and Design,<\/p><p style=\"font-weight: 300;\">Izmir University of Economics<\/p><p style=\"font-weight: 300;\">OYLUM D\u0130KMEN G\u00dcLERY\u00dcZ, PhD<\/p><p style=\"font-weight: 300;\">Co-Chair of the Congress<\/p><p style=\"font-weight: 300;\">Interior Architect and Environmental Designer<\/p><p style=\"font-weight: 300;\">Department Interior Design, Vocational School,<\/p><p style=\"font-weight: 300;\">Izmir University of Economics<\/p><p><img decoding=\"async\" src=\"https:\/\/www.iclar.org\/yonetim\/images\/izmire%C3%83%C2%BC.png\" width=\"409\" \/><\/p>\t\t\t\t\t\t<\/div>\n\t\t\t\t<\/div>\n\t\t\t\t<\/div>\n\t\t\t\t\t<\/div>\n\t\t\t\t<\/div>\n\t\t<div class=\"elementor-element elementor-element-888c0da e-flex e-con-boxed e-con e-parent\" data-id=\"888c0da\" data-element_type=\"container\">\n\t\t\t\t\t<div class=\"e-con-inner\">\n\t\t\t\t<div class=\"elementor-element elementor-element-081311f elementor-align-center elementor-widget elementor-widget-button\" data-id=\"081311f\" data-element_type=\"widget\" data-widget_type=\"button.default\">\n\t\t\t\t<div class=\"elementor-widget-container\">\n\t\t\t\t\t<div class=\"elementor-button-wrapper\">\n\t\t\t<a class=\"elementor-button elementor-button-link elementor-size-sm\" href=\"https:\/\/www.iclar.org\/congre\/\">\n\t\t\t\t\t\t<span class=\"elementor-button-content-wrapper\">\n\t\t\t\t\t\t\t\t\t<span class=\"elementor-button-text\">Kongre Websitesi<\/span>\n\t\t\t\t\t<\/span>\n\t\t\t\t\t<\/a>\n\t\t<\/div>\n\t\t\t\t<\/div>\n\t\t\t\t<\/div>\n\t\t\t\t\t<\/div>\n\t\t\t\t<\/div>\n\t\t\t\t<\/div>","protected":false},"excerpt":{"rendered":"<p>Dear Colleagues, We are pleased to invite you to participate in &#8220;The 6th\u00a0International Congress on Landscape Architecture Research&#8221; and \u201c5th\u00a0National [&hellip;]<\/p>","protected":false},"author":1,"featured_media":0,"parent":0,"menu_order":0,"comment_status":"closed","ping_status":"closed","template":"","meta":{"footnotes":""},"class_list":["post-6632","page","type-page","status-publish","hentry"],"_links":{"self":[{"href":"https:\/\/antakademi.com.tr\/en\/wp-json\/wp\/v2\/pages\/6632","targetHints":{"allow":["GET"]}}],"collection":[{"href":"https:\/\/antakademi.com.tr\/en\/wp-json\/wp\/v2\/pages"}],"about":[{"href":"https:\/\/antakademi.com.tr\/en\/wp-json\/wp\/v2\/types\/page"}],"author":[{"embeddable":true,"href":"https:\/\/antakademi.com.tr\/en\/wp-json\/wp\/v2\/users\/1"}],"replies":[{"embeddable":true,"href":"https:\/\/antakademi.com.tr\/en\/wp-json\/wp\/v2\/comments?post=6632"}],"version-history":[{"count":4,"href":"https:\/\/antakademi.com.tr\/en\/wp-json\/wp\/v2\/pages\/6632\/revisions"}],"predecessor-version":[{"id":6850,"href":"https:\/\/antakademi.com.tr\/en\/wp-json\/wp\/v2\/pages\/6632\/revisions\/6850"}],"wp:attachment":[{"href":"https:\/\/antakademi.com.tr\/en\/wp-json\/wp\/v2\/media?parent=6632"}],"curies":[{"name":"wp","href":"https:\/\/api.w.org\/{rel}","templated":true}]}}