{"id":6628,"date":"2024-09-07T16:31:42","date_gmt":"2024-09-07T16:31:42","guid":{"rendered":"https:\/\/antakademi.com.tr\/?page_id=6628"},"modified":"2024-09-17T07:23:57","modified_gmt":"2024-09-17T07:23:57","slug":"icerat","status":"publish","type":"page","link":"https:\/\/antakademi.com.tr\/en\/icerat\/","title":{"rendered":"ICERAT"},"content":{"rendered":"<div data-elementor-type=\"wp-page\" data-elementor-id=\"6628\" class=\"elementor elementor-6628\">\n\t\t\t\t<div class=\"elementor-element elementor-element-9ca8996 e-flex e-con-boxed e-con e-parent\" data-id=\"9ca8996\" data-element_type=\"container\">\n\t\t\t\t\t<div class=\"e-con-inner\">\n\t\t<div class=\"elementor-element elementor-element-7d29773 e-con-full e-flex e-con e-child\" data-id=\"7d29773\" data-element_type=\"container\">\n\t\t\t\t<div class=\"elementor-element elementor-element-1f225d8 elementor-widget elementor-widget-image\" data-id=\"1f225d8\" data-element_type=\"widget\" data-widget_type=\"image.default\">\n\t\t\t\t<div class=\"elementor-widget-container\">\n\t\t\t<style>\/*! elementor - v3.23.0 - 05-08-2024 *\/\n.elementor-widget-image{text-align:center}.elementor-widget-image a{display:inline-block}.elementor-widget-image a img[src$=\".svg\"]{width:48px}.elementor-widget-image img{vertical-align:middle;display:inline-block}<\/style>\t\t\t\t\t\t\t\t\t\t<img fetchpriority=\"high\" decoding=\"async\" width=\"737\" height=\"1024\" src=\"https:\/\/antakademi.com.tr\/wp-content\/uploads\/2024\/09\/925588616_9.-ICERAT-afis-737x1024.jpg\" class=\"attachment-large size-large wp-image-6817\" alt=\"\" srcset=\"https:\/\/antakademi.com.tr\/wp-content\/uploads\/2024\/09\/925588616_9.-ICERAT-afis-737x1024.jpg 737w, https:\/\/antakademi.com.tr\/wp-content\/uploads\/2024\/09\/925588616_9.-ICERAT-afis-216x300.jpg 216w, https:\/\/antakademi.com.tr\/wp-content\/uploads\/2024\/09\/925588616_9.-ICERAT-afis-768x1066.jpg 768w, https:\/\/antakademi.com.tr\/wp-content\/uploads\/2024\/09\/925588616_9.-ICERAT-afis-1106x1536.jpg 1106w, https:\/\/antakademi.com.tr\/wp-content\/uploads\/2024\/09\/925588616_9.-ICERAT-afis-9x12.jpg 9w, https:\/\/antakademi.com.tr\/wp-content\/uploads\/2024\/09\/925588616_9.-ICERAT-afis.jpg 1130w\" sizes=\"(max-width: 737px) 100vw, 737px\" \/>\t\t\t\t\t\t\t\t\t\t\t\t\t<\/div>\n\t\t\t\t<\/div>\n\t\t\t\t<\/div>\n\t\t<div class=\"elementor-element elementor-element-43106b4 e-con-full e-flex e-con e-child\" data-id=\"43106b4\" data-element_type=\"container\">\n\t\t\t\t<div class=\"elementor-element elementor-element-903bf65 elementor-widget elementor-widget-text-editor\" data-id=\"903bf65\" data-element_type=\"widget\" data-widget_type=\"text-editor.default\">\n\t\t\t\t<div class=\"elementor-widget-container\">\n\t\t\t<style>\/*! elementor - v3.23.0 - 05-08-2024 *\/\n.elementor-widget-text-editor.elementor-drop-cap-view-stacked .elementor-drop-cap{background-color:#69727d;color:#fff}.elementor-widget-text-editor.elementor-drop-cap-view-framed .elementor-drop-cap{color:#69727d;border:3px solid;background-color:transparent}.elementor-widget-text-editor:not(.elementor-drop-cap-view-default) .elementor-drop-cap{margin-top:8px}.elementor-widget-text-editor:not(.elementor-drop-cap-view-default) .elementor-drop-cap-letter{width:1em;height:1em}.elementor-widget-text-editor .elementor-drop-cap{float:left;text-align:center;line-height:1;font-size:50px}.elementor-widget-text-editor .elementor-drop-cap-letter{display:inline-block}<\/style>\t\t\t\t<p>Dear Participants,\u00a0<\/p><p>We are pleased to announce the 9th International Congress on Environmental Research and Technology (ICERAT\u201924). We have been carefully monitored the likely situation for our upcoming conference regarding the Coronavirus (COVID-19) and as a result, we have made the decision to hold the 8th International Congress on Environmental Research and Technology online on December 04-06, 2024.<\/p><p>9th International Congress on Environmental Research and Technology aims to bring together academic scientists, researchers and research scholars to exchange and share their experiences and research results on all aspects of environmental research and technology. It also provides a premier interdisciplinary platform for researchers, practitioners and educators to present and discuss the most recent innovations, trends, and concerns as well as practical challenges encountered and solutions adopted in the fields of Environmental Research and Technology.<\/p><p>\u00a0<\/p><p>The ICERAT\u201924 topic areas mainly focus on Water Pollution and Control, Wastewater, Air Pollution and Control, Solid Wastes, Noise Pollution, Soil Pollution, Renewable Energy Sources, Management, Climate Change, Toxins, Persistent Organic Pollutants: Occurrence and Fate in the Environment, Hydrobiology and Ecology.<\/p><p>Also, this year we focus on bees and environment [wild bees, commercial bees, foraging plants, bee health, bee use in organic farming and good agricultural practices (cleaner agriculture), monitoring bees and also bee products to find out the possible residuals, bee hotels and their positive\/negative sides, bees use as model organisms to detect environmental problems].\u00a0The aim of the conference is to meet leading academicians, policy makers, independent scholars and researchers to share their knowledge, new ideas as well as to discuss future development in these fields.<\/p><p>We look forward to meet you to at the conference where the latest scientific findings to address current and future challenges will be presented and discussed.<\/p><p>\u00a0<\/p><p>King regards,<\/p><p>\u00a0<\/p><p style=\"font-weight: 500;\">Assoc. Prof. Dr. Asl\u0131 \u00d6ZK\u00d6K, Hacettepe University<br \/><b>Chair of Congress<\/b><\/p><p style=\"font-weight: 500;\"><b><br \/><\/b>Assoc. Prof. Dr. Meral KEKE\u00c7O\u011eLU,\u00a0D\u00fczce University<\/p><p style=\"font-weight: 500;\"><b><strong>Chair of Organizing Committe<\/strong><\/b><\/p>\t\t\t\t\t\t<\/div>\n\t\t\t\t<\/div>\n\t\t\t\t<\/div>\n\t\t\t\t\t<\/div>\n\t\t\t\t<\/div>\n\t\t<div class=\"elementor-element elementor-element-4b546a8 e-flex e-con-boxed e-con e-parent\" data-id=\"4b546a8\" data-element_type=\"container\">\n\t\t\t\t\t<div class=\"e-con-inner\">\n\t\t<div class=\"elementor-element elementor-element-f9e4a22 e-con-full e-flex e-con e-child\" data-id=\"f9e4a22\" data-element_type=\"container\">\n\t\t\t\t<div class=\"elementor-element elementor-element-bfd0d7c elementor-align-center elementor-widget elementor-widget-button\" data-id=\"bfd0d7c\" data-element_type=\"widget\" data-widget_type=\"button.default\">\n\t\t\t\t<div class=\"elementor-widget-container\">\n\t\t\t\t\t<div class=\"elementor-button-wrapper\">\n\t\t\t<a class=\"elementor-button elementor-button-link elementor-size-sm\" href=\"https:\/\/www.icerat.gen.tr\/congre\/\">\n\t\t\t\t\t\t<span class=\"elementor-button-content-wrapper\">\n\t\t\t\t\t\t\t\t\t<span class=\"elementor-button-text\">Kongre Websitesi<\/span>\n\t\t\t\t\t<\/span>\n\t\t\t\t\t<\/a>\n\t\t<\/div>\n\t\t\t\t<\/div>\n\t\t\t\t<\/div>\n\t\t\t\t<\/div>\n\t\t\t\t\t<\/div>\n\t\t\t\t<\/div>\n\t\t\t\t<\/div>","protected":false},"excerpt":{"rendered":"<p>Dear Participants,\u00a0 We are pleased to announce the 9th International Congress on Environmental Research and Technology (ICERAT\u201924). We have been [&hellip;]<\/p>","protected":false},"author":1,"featured_media":0,"parent":0,"menu_order":0,"comment_status":"closed","ping_status":"closed","template":"","meta":{"footnotes":""},"class_list":["post-6628","page","type-page","status-publish","hentry"],"_links":{"self":[{"href":"https:\/\/antakademi.com.tr\/en\/wp-json\/wp\/v2\/pages\/6628","targetHints":{"allow":["GET"]}}],"collection":[{"href":"https:\/\/antakademi.com.tr\/en\/wp-json\/wp\/v2\/pages"}],"about":[{"href":"https:\/\/antakademi.com.tr\/en\/wp-json\/wp\/v2\/types\/page"}],"author":[{"embeddable":true,"href":"https:\/\/antakademi.com.tr\/en\/wp-json\/wp\/v2\/users\/1"}],"replies":[{"embeddable":true,"href":"https:\/\/antakademi.com.tr\/en\/wp-json\/wp\/v2\/comments?post=6628"}],"version-history":[{"count":4,"href":"https:\/\/antakademi.com.tr\/en\/wp-json\/wp\/v2\/pages\/6628\/revisions"}],"predecessor-version":[{"id":6820,"href":"https:\/\/antakademi.com.tr\/en\/wp-json\/wp\/v2\/pages\/6628\/revisions\/6820"}],"wp:attachment":[{"href":"https:\/\/antakademi.com.tr\/en\/wp-json\/wp\/v2\/media?parent=6628"}],"curies":[{"name":"wp","href":"https:\/\/api.w.org\/{rel}","templated":true}]}}