{"id":6627,"date":"2024-09-07T16:31:42","date_gmt":"2024-09-07T16:31:42","guid":{"rendered":"https:\/\/antakademi.com.tr\/?page_id=6627"},"modified":"2024-09-17T07:19:01","modified_gmt":"2024-09-17T07:19:01","slug":"ulusal-cevre-kongresi","status":"publish","type":"page","link":"https:\/\/antakademi.com.tr\/en\/ulusal-cevre-kongresi\/","title":{"rendered":"Ulusal \u00c7evre Kongresi"},"content":{"rendered":"<div data-elementor-type=\"wp-page\" data-elementor-id=\"6627\" class=\"elementor elementor-6627\">\n\t\t\t\t<div class=\"elementor-element elementor-element-a30421e e-flex e-con-boxed e-con e-parent\" data-id=\"a30421e\" data-element_type=\"container\">\n\t\t\t\t\t<div class=\"e-con-inner\">\n\t\t<div class=\"elementor-element elementor-element-cc03601 e-con-full e-flex e-con e-child\" data-id=\"cc03601\" data-element_type=\"container\">\n\t\t\t\t<div class=\"elementor-element elementor-element-e5d3767 elementor-widget elementor-widget-image\" data-id=\"e5d3767\" data-element_type=\"widget\" data-widget_type=\"image.default\">\n\t\t\t\t<div class=\"elementor-widget-container\">\n\t\t\t<style>\/*! elementor - v3.23.0 - 05-08-2024 *\/\n.elementor-widget-image{text-align:center}.elementor-widget-image a{display:inline-block}.elementor-widget-image a img[src$=\".svg\"]{width:48px}.elementor-widget-image img{vertical-align:middle;display:inline-block}<\/style>\t\t\t\t\t\t\t\t\t\t<img fetchpriority=\"high\" decoding=\"async\" width=\"735\" height=\"1024\" src=\"https:\/\/antakademi.com.tr\/wp-content\/uploads\/2024\/09\/891378788_9.-ULUSAL-CEVRE-KONGRESI-735x1024.jpg\" class=\"attachment-large size-large wp-image-6804\" alt=\"\" srcset=\"https:\/\/antakademi.com.tr\/wp-content\/uploads\/2024\/09\/891378788_9.-ULUSAL-CEVRE-KONGRESI-735x1024.jpg 735w, https:\/\/antakademi.com.tr\/wp-content\/uploads\/2024\/09\/891378788_9.-ULUSAL-CEVRE-KONGRESI-215x300.jpg 215w, https:\/\/antakademi.com.tr\/wp-content\/uploads\/2024\/09\/891378788_9.-ULUSAL-CEVRE-KONGRESI-768x1070.jpg 768w, https:\/\/antakademi.com.tr\/wp-content\/uploads\/2024\/09\/891378788_9.-ULUSAL-CEVRE-KONGRESI-1102x1536.jpg 1102w, https:\/\/antakademi.com.tr\/wp-content\/uploads\/2024\/09\/891378788_9.-ULUSAL-CEVRE-KONGRESI-9x12.jpg 9w, https:\/\/antakademi.com.tr\/wp-content\/uploads\/2024\/09\/891378788_9.-ULUSAL-CEVRE-KONGRESI.jpg 1130w\" sizes=\"(max-width: 735px) 100vw, 735px\" \/>\t\t\t\t\t\t\t\t\t\t\t\t\t<\/div>\n\t\t\t\t<\/div>\n\t\t\t\t<\/div>\n\t\t<div class=\"elementor-element elementor-element-ec0b630 e-con-full e-flex e-con e-child\" data-id=\"ec0b630\" data-element_type=\"container\">\n\t\t\t\t<div class=\"elementor-element elementor-element-a1703df elementor-widget elementor-widget-text-editor\" data-id=\"a1703df\" data-element_type=\"widget\" data-widget_type=\"text-editor.default\">\n\t\t\t\t<div class=\"elementor-widget-container\">\n\t\t\t<style>\/*! elementor - v3.23.0 - 05-08-2024 *\/\n.elementor-widget-text-editor.elementor-drop-cap-view-stacked .elementor-drop-cap{background-color:#69727d;color:#fff}.elementor-widget-text-editor.elementor-drop-cap-view-framed .elementor-drop-cap{color:#69727d;border:3px solid;background-color:transparent}.elementor-widget-text-editor:not(.elementor-drop-cap-view-default) .elementor-drop-cap{margin-top:8px}.elementor-widget-text-editor:not(.elementor-drop-cap-view-default) .elementor-drop-cap-letter{width:1em;height:1em}.elementor-widget-text-editor .elementor-drop-cap{float:left;text-align:center;line-height:1;font-size:50px}.elementor-widget-text-editor .elementor-drop-cap-letter{display:inline-block}<\/style>\t\t\t\t<p><span style=\"color: #000000; font-family: times new roman; font-size: medium;\">De\u011ferli Kat\u0131l\u0131mc\u0131lar,<\/span><\/p><p><span style=\"color: #000000; font-family: times new roman; font-size: medium;\">9. Ulusal \u00c7evre Kongremizi \u00e7evrim i\u00e7i olarak d\u00fczenlemek, siz de\u011ferli kat\u0131l\u0131mc\u0131lar\u0131m\u0131zla bulu\u015fmak ve \u00e7evre konular\u0131ndaki \u00f6nemli konular\u0131 ele almak bizim i\u00e7in bir onur ve mutluluk kayna\u011f\u0131d\u0131r.<br \/><\/span><\/p><p><span style=\"color: #000000; font-family: times new roman; font-size: medium;\">Kongremizin temel amac\u0131, s\u00fcrd\u00fcr\u00fclebilir ve ya\u015fanabilir bir \u00e7evre i\u00e7in \u00e7e\u015fitli disiplinlerden, mesleklerden, ara\u015ft\u0131rma enstit\u00fclerinden, belediyelerden, kamu kurumlar\u0131ndan, \u00fcniversitelerden gelen kat\u0131l\u0131mc\u0131lar ile \u00f6zel sekt\u00f6r temsilcilerini bir araya getirerek bilgi al\u0131\u015fveri\u015fini art\u0131rmak, g\u00fcncel ara\u015ft\u0131rmalar\u0131 derinlemesine tart\u0131\u015fmak ve disiplinler aras\u0131 g\u00fc\u00e7leri birle\u015ftirerek daha etkili \u00e7\u00f6z\u00fcmler \u00fcretmektir.<br \/><\/span><\/p><p><span style=\"color: #000000; font-family: times new roman; font-size: medium;\">Kongremiz, \u00f6nceki y\u0131llarda oldu\u011fu gibi siz de\u011ferli kat\u0131l\u0131mc\u0131lar\u0131n aktif kat\u0131l\u0131m\u0131 ile daha da zenginle\u015fecek ve \u00e7e\u015fitlenecektir. Bu etkile\u015fim, \u00e7evre sorunlar\u0131na y\u00f6nelik \u00e7\u00f6z\u00fcm yollar\u0131n\u0131 bulmam\u0131za, bilgi payla\u015f\u0131m\u0131n\u0131 art\u0131rmam\u0131za ve gelecek nesillere daha sa\u011fl\u0131kl\u0131 bir \u00e7evre b\u0131rakma konusundaki kararl\u0131l\u0131\u011f\u0131m\u0131z\u0131 peki\u015ftirecektir.<br \/><\/span><\/p><p><span style=\"color: #000000; font-family: times new roman; font-size: medium;\">Sizlerin kat\u0131l\u0131m\u0131 ve destekleri, kongremizin ba\u015far\u0131yla tamamlanmas\u0131nda kritik bir rol oynayacakt\u0131r. Ge\u00e7mi\u015f kongrelerde oldu\u011fu gibi, bu y\u0131l da sizlerle bir araya gelerek \u00e7evre bilincini daha da g\u00fc\u00e7lendirecektir.<br \/><\/span><\/p><p><span style=\"color: #000000; font-family: times new roman; font-size: medium;\">Kongremizin heyecan\u0131n\u0131 sizinle payla\u015f\u0131yor, 9. Ulusal \u00c7evre Kongremize \u00e7evrim i\u00e7i olarak destek ve katk\u0131 vermenizi bekliyoruz.<br \/><\/span><\/p><p><span style=\"color: #000000; font-family: times new roman; font-size: medium;\">Sayg\u0131lar\u0131m\u0131zla,<br \/><\/span><\/p><p><span style=\"color: #000000; font-family: times new roman; font-size: medium;\">\u00a0<\/span><\/p><p><span style=\"color: #000000; font-family: times new roman; font-size: medium;\">Do\u00e7. Dr. Asl\u0131 \u00d6ZK\u00d6K<\/span><\/p><p><span style=\"color: #000000; font-family: times new roman; font-size: medium;\">Hacettepe \u00dcniversitesi<\/span><\/p><p><span style=\"color: #000000; font-family: times new roman; font-size: medium;\">Kongre Ba\u015fkan\u0131<\/span><\/p><p><span style=\"color: #000000; font-family: times new roman; font-size: medium;\">\u00a0<\/span><\/p><p><span style=\"color: #000000; font-family: times new roman; font-size: medium;\">Prof. Dr. Meral KEKE\u00c7O\u011eLU<\/span><\/p><p><span style=\"color: #000000; font-family: times new roman; font-size: medium;\">D\u00fczce \u00dcniversitesi<\/span><\/p><p><span style=\"color: #000000; font-family: times new roman; font-size: medium;\">Kongre D\u00fczenleme Kurulu Ba\u015fkan\u0131<\/span><img \/><\/p><div><span style=\"color: #808080; font-family: helvetica; font-size: medium;\">\u00a0<\/span><\/div><div><h3><img decoding=\"async\" src=\"https:\/\/ekoloji.web.tr\/yonetim\/images\/Ads%C3%84%C2%B1z%20tasar%C3%84%C2%B1m%20(44).jpg\" width=\"200\" \/><img decoding=\"async\" src=\"https:\/\/ekoloji.web.tr\/yonetim\/images\/Ads%C3%84%C2%B1z%20tasar%C3%84%C2%B1m%20(46).jpg\" width=\"200\" \/><\/h3><\/div>\t\t\t\t\t\t<\/div>\n\t\t\t\t<\/div>\n\t\t\t\t<\/div>\n\t\t\t\t\t<\/div>\n\t\t\t\t<\/div>\n\t\t<div class=\"elementor-element elementor-element-4ef1e14 e-flex e-con-boxed e-con e-parent\" data-id=\"4ef1e14\" data-element_type=\"container\">\n\t\t\t\t\t<div class=\"e-con-inner\">\n\t\t<div class=\"elementor-element elementor-element-42030a2 e-con-full e-flex e-con e-child\" data-id=\"42030a2\" data-element_type=\"container\">\n\t\t\t\t<div class=\"elementor-element elementor-element-78d04e4 elementor-align-center elementor-widget elementor-widget-button\" data-id=\"78d04e4\" data-element_type=\"widget\" data-widget_type=\"button.default\">\n\t\t\t\t<div class=\"elementor-widget-container\">\n\t\t\t\t\t<div class=\"elementor-button-wrapper\">\n\t\t\t<a class=\"elementor-button elementor-button-link elementor-size-sm\" href=\"https:\/\/ekoloji.web.tr\/congre\/\">\n\t\t\t\t\t\t<span class=\"elementor-button-content-wrapper\">\n\t\t\t\t\t\t\t\t\t<span class=\"elementor-button-text\">Kongre Websitesi<\/span>\n\t\t\t\t\t<\/span>\n\t\t\t\t\t<\/a>\n\t\t<\/div>\n\t\t\t\t<\/div>\n\t\t\t\t<\/div>\n\t\t\t\t<\/div>\n\t\t\t\t\t<\/div>\n\t\t\t\t<\/div>\n\t\t\t\t<\/div>","protected":false},"excerpt":{"rendered":"<p>De\u011ferli Kat\u0131l\u0131mc\u0131lar, 9. Ulusal \u00c7evre Kongremizi \u00e7evrim i\u00e7i olarak d\u00fczenlemek, siz de\u011ferli kat\u0131l\u0131mc\u0131lar\u0131m\u0131zla bulu\u015fmak ve \u00e7evre konular\u0131ndaki \u00f6nemli konular\u0131 ele [&hellip;]<\/p>","protected":false},"author":1,"featured_media":0,"parent":0,"menu_order":0,"comment_status":"closed","ping_status":"closed","template":"","meta":{"footnotes":""},"class_list":["post-6627","page","type-page","status-publish","hentry"],"_links":{"self":[{"href":"https:\/\/antakademi.com.tr\/en\/wp-json\/wp\/v2\/pages\/6627","targetHints":{"allow":["GET"]}}],"collection":[{"href":"https:\/\/antakademi.com.tr\/en\/wp-json\/wp\/v2\/pages"}],"about":[{"href":"https:\/\/antakademi.com.tr\/en\/wp-json\/wp\/v2\/types\/page"}],"author":[{"embeddable":true,"href":"https:\/\/antakademi.com.tr\/en\/wp-json\/wp\/v2\/users\/1"}],"replies":[{"embeddable":true,"href":"https:\/\/antakademi.com.tr\/en\/wp-json\/wp\/v2\/comments?post=6627"}],"version-history":[{"count":5,"href":"https:\/\/antakademi.com.tr\/en\/wp-json\/wp\/v2\/pages\/6627\/revisions"}],"predecessor-version":[{"id":6810,"href":"https:\/\/antakademi.com.tr\/en\/wp-json\/wp\/v2\/pages\/6627\/revisions\/6810"}],"wp:attachment":[{"href":"https:\/\/antakademi.com.tr\/en\/wp-json\/wp\/v2\/media?parent=6627"}],"curies":[{"name":"wp","href":"https:\/\/api.w.org\/{rel}","templated":true}]}}