{"id":6625,"date":"2024-09-07T16:31:42","date_gmt":"2024-09-07T16:31:42","guid":{"rendered":"https:\/\/antakademi.com.tr\/?page_id=6625"},"modified":"2024-09-17T08:03:24","modified_gmt":"2024-09-17T08:03:24","slug":"iczat","status":"publish","type":"page","link":"https:\/\/antakademi.com.tr\/en\/iczat\/","title":{"rendered":"ICZAT"},"content":{"rendered":"<div data-elementor-type=\"wp-page\" data-elementor-id=\"6625\" class=\"elementor elementor-6625\">\n\t\t\t\t<div class=\"elementor-element elementor-element-c1923be e-flex e-con-boxed e-con e-parent\" data-id=\"c1923be\" data-element_type=\"container\">\n\t\t\t\t\t<div class=\"e-con-inner\">\n\t\t<div class=\"elementor-element elementor-element-0b20ece e-con-full e-flex e-con e-child\" data-id=\"0b20ece\" data-element_type=\"container\">\n\t\t\t\t<div class=\"elementor-element elementor-element-aa6f7b2 elementor-widget elementor-widget-image\" data-id=\"aa6f7b2\" data-element_type=\"widget\" data-widget_type=\"image.default\">\n\t\t\t\t<div class=\"elementor-widget-container\">\n\t\t\t<style>\/*! elementor - v3.23.0 - 05-08-2024 *\/\n.elementor-widget-image{text-align:center}.elementor-widget-image a{display:inline-block}.elementor-widget-image a img[src$=\".svg\"]{width:48px}.elementor-widget-image img{vertical-align:middle;display:inline-block}<\/style>\t\t\t\t\t\t\t\t\t\t<img fetchpriority=\"high\" decoding=\"async\" width=\"731\" height=\"1024\" src=\"https:\/\/antakademi.com.tr\/wp-content\/uploads\/2024\/09\/923629463_8-INTERNATIONAL-CONGRESS-ON-ZOOLOGY_page-0001-731x1024.jpg\" class=\"attachment-large size-large wp-image-6788\" alt=\"\" srcset=\"https:\/\/antakademi.com.tr\/wp-content\/uploads\/2024\/09\/923629463_8-INTERNATIONAL-CONGRESS-ON-ZOOLOGY_page-0001-731x1024.jpg 731w, https:\/\/antakademi.com.tr\/wp-content\/uploads\/2024\/09\/923629463_8-INTERNATIONAL-CONGRESS-ON-ZOOLOGY_page-0001-214x300.jpg 214w, https:\/\/antakademi.com.tr\/wp-content\/uploads\/2024\/09\/923629463_8-INTERNATIONAL-CONGRESS-ON-ZOOLOGY_page-0001-768x1075.jpg 768w, https:\/\/antakademi.com.tr\/wp-content\/uploads\/2024\/09\/923629463_8-INTERNATIONAL-CONGRESS-ON-ZOOLOGY_page-0001-1097x1536.jpg 1097w, https:\/\/antakademi.com.tr\/wp-content\/uploads\/2024\/09\/923629463_8-INTERNATIONAL-CONGRESS-ON-ZOOLOGY_page-0001-9x12.jpg 9w, https:\/\/antakademi.com.tr\/wp-content\/uploads\/2024\/09\/923629463_8-INTERNATIONAL-CONGRESS-ON-ZOOLOGY_page-0001.jpg 1130w\" sizes=\"(max-width: 731px) 100vw, 731px\" \/>\t\t\t\t\t\t\t\t\t\t\t\t\t<\/div>\n\t\t\t\t<\/div>\n\t\t\t\t<\/div>\n\t\t<div class=\"elementor-element elementor-element-0ef89d8 e-con-full e-flex e-con e-child\" data-id=\"0ef89d8\" data-element_type=\"container\">\n\t\t\t\t<div class=\"elementor-element elementor-element-14e711d elementor-widget elementor-widget-text-editor\" data-id=\"14e711d\" data-element_type=\"widget\" data-widget_type=\"text-editor.default\">\n\t\t\t\t<div class=\"elementor-widget-container\">\n\t\t\t<style>\/*! elementor - v3.23.0 - 05-08-2024 *\/\n.elementor-widget-text-editor.elementor-drop-cap-view-stacked .elementor-drop-cap{background-color:#69727d;color:#fff}.elementor-widget-text-editor.elementor-drop-cap-view-framed .elementor-drop-cap{color:#69727d;border:3px solid;background-color:transparent}.elementor-widget-text-editor:not(.elementor-drop-cap-view-default) .elementor-drop-cap{margin-top:8px}.elementor-widget-text-editor:not(.elementor-drop-cap-view-default) .elementor-drop-cap-letter{width:1em;height:1em}.elementor-widget-text-editor .elementor-drop-cap{float:left;text-align:center;line-height:1;font-size:50px}.elementor-widget-text-editor .elementor-drop-cap-letter{display:inline-block}<\/style>\t\t\t\t<p style=\"font-weight: 300;\"><b><strong>Dear Scientists and Researchers,<\/strong><\/b><\/p><p style=\"font-weight: 300;\">\u00a0<\/p><p style=\"font-weight: 300;\">We are very pleased to hold the 8<sup>th<\/sup>\u00a0International Zoology Congress on 13-15 December 2024.<\/p><p style=\"font-weight: 300;\">The main purpose of our congress, which will be held online is to bring together the scientists working in the field of Zoology and young researchers who are considering working in this field. Our congress is also open for presentation of original studies in different fields of science and is important in terms of allowing the implementation of future multidisciplinary studies.<\/p><p style=\"font-weight: 300;\">At the end of the congress, the Congress Abstract Book with ISBN number and the Congress Proceedings Book including full texts of the presented submissions will be sent to the participants via e-mail as PDF files. In the congress, sessions, where submisions with the option to be written and presented in English and Azerbaijani Turkish, will be organized on a discipline and subject basis.<\/p><p style=\"font-weight: 300;\">All submissions will be evaluated by a double-blind referee method. Full texts of the submissions of the willing participants will be published as articles in the following journals, provided that they pass the referee and editorial processes of the related journals.<\/p><p style=\"font-weight: 300;\"><b><strong>www.bibad.gen.tr\u00a0<\/strong><\/b><\/p><p style=\"font-weight: 300;\"><b><strong>www.jabsonline.org<\/strong><\/b><\/p><p style=\"font-weight: 300;\"><b><strong>www.ijans.org<\/strong><\/b><\/p><p style=\"font-weight: 300;\"><b><strong>www.ijnes.org\/<\/strong><\/b><\/p><p style=\"font-weight: 300;\">\u00a0<\/p><p style=\"font-weight: 300;\">We would like to express our pride and respect for your participation and support.<\/p><p style=\"font-weight: 300;\"><b><strong>\u200b<\/strong><\/b><\/p><p style=\"font-weight: 300;\"><b><strong>Prof. Dr. Sibel TA\u015e<br \/>Chair of Congress<br \/><\/strong><\/b>Bursa Uluda\u011f University, Science and Art Faculty, Department of Biology, \u00a0T\u00dcRK\u0130YE\u00a0<\/p><p style=\"font-weight: 300;\"><b><strong>\u00a0<\/strong><\/b><\/p><p style=\"font-weight: 300;\"><b><strong>Assoc. Prof. Dr.<\/strong><\/b><b><strong>\u00a0\u018fb\u00fclf\u0259z Ta\u011f\u0131yev NA\u011eI<\/strong><\/b><\/p><p style=\"font-weight: 300;\"><b><strong>Chair of Organizing Committee<\/strong><\/b><\/p><p style=\"font-weight: 300;\">Bak\u0131 D\u00f6vl\u0259t Universitet, AZERBAYCAN<\/p>\t\t\t\t\t\t<\/div>\n\t\t\t\t<\/div>\n\t\t\t\t<\/div>\n\t\t\t\t\t<\/div>\n\t\t\t\t<\/div>\n\t\t<div class=\"elementor-element elementor-element-736bf53 e-flex e-con-boxed e-con e-parent\" data-id=\"736bf53\" data-element_type=\"container\">\n\t\t\t\t\t<div class=\"e-con-inner\">\n\t\t\t\t<div class=\"elementor-element elementor-element-86ab408 elementor-align-center elementor-widget elementor-widget-button\" data-id=\"86ab408\" data-element_type=\"widget\" data-widget_type=\"button.default\">\n\t\t\t\t<div class=\"elementor-widget-container\">\n\t\t\t\t\t<div class=\"elementor-button-wrapper\">\n\t\t\t<a class=\"elementor-button elementor-button-link elementor-size-sm\" href=\"https:\/\/iczat.gen.tr\/congre\/\">\n\t\t\t\t\t\t<span class=\"elementor-button-content-wrapper\">\n\t\t\t\t\t\t\t\t\t<span class=\"elementor-button-text\">Kongre Websitesi<\/span>\n\t\t\t\t\t<\/span>\n\t\t\t\t\t<\/a>\n\t\t<\/div>\n\t\t\t\t<\/div>\n\t\t\t\t<\/div>\n\t\t\t\t\t<\/div>\n\t\t\t\t<\/div>\n\t\t\t\t<\/div>","protected":false},"excerpt":{"rendered":"<p>Dear Scientists and Researchers, \u00a0 We are very pleased to hold the 8th\u00a0International Zoology Congress on 13-15 December 2024. The [&hellip;]<\/p>","protected":false},"author":1,"featured_media":0,"parent":0,"menu_order":0,"comment_status":"closed","ping_status":"closed","template":"","meta":{"footnotes":""},"class_list":["post-6625","page","type-page","status-publish","hentry"],"_links":{"self":[{"href":"https:\/\/antakademi.com.tr\/en\/wp-json\/wp\/v2\/pages\/6625","targetHints":{"allow":["GET"]}}],"collection":[{"href":"https:\/\/antakademi.com.tr\/en\/wp-json\/wp\/v2\/pages"}],"about":[{"href":"https:\/\/antakademi.com.tr\/en\/wp-json\/wp\/v2\/types\/page"}],"author":[{"embeddable":true,"href":"https:\/\/antakademi.com.tr\/en\/wp-json\/wp\/v2\/users\/1"}],"replies":[{"embeddable":true,"href":"https:\/\/antakademi.com.tr\/en\/wp-json\/wp\/v2\/comments?post=6625"}],"version-history":[{"count":5,"href":"https:\/\/antakademi.com.tr\/en\/wp-json\/wp\/v2\/pages\/6625\/revisions"}],"predecessor-version":[{"id":6887,"href":"https:\/\/antakademi.com.tr\/en\/wp-json\/wp\/v2\/pages\/6625\/revisions\/6887"}],"wp:attachment":[{"href":"https:\/\/antakademi.com.tr\/en\/wp-json\/wp\/v2\/media?parent=6625"}],"curies":[{"name":"wp","href":"https:\/\/api.w.org\/{rel}","templated":true}]}}