{"id":6624,"date":"2024-09-07T16:31:42","date_gmt":"2024-09-07T16:31:42","guid":{"rendered":"https:\/\/antakademi.com.tr\/?page_id=6624"},"modified":"2024-09-17T08:04:12","modified_gmt":"2024-09-17T08:04:12","slug":"ulusal-botanik-kongresi","status":"publish","type":"page","link":"https:\/\/antakademi.com.tr\/en\/ulusal-botanik-kongresi\/","title":{"rendered":"Ulusal Botanik Kongresi"},"content":{"rendered":"<div data-elementor-type=\"wp-page\" data-elementor-id=\"6624\" class=\"elementor elementor-6624\">\n\t\t\t\t<div class=\"elementor-element elementor-element-60f3de2 e-flex e-con-boxed e-con e-parent\" data-id=\"60f3de2\" data-element_type=\"container\">\n\t\t\t\t\t<div class=\"e-con-inner\">\n\t\t<div class=\"elementor-element elementor-element-874f864 e-con-full e-flex e-con e-child\" data-id=\"874f864\" data-element_type=\"container\">\n\t\t\t\t<div class=\"elementor-element elementor-element-fff4cc0 elementor-widget elementor-widget-image\" data-id=\"fff4cc0\" data-element_type=\"widget\" data-widget_type=\"image.default\">\n\t\t\t\t<div class=\"elementor-widget-container\">\n\t\t\t<style>\/*! elementor - v3.23.0 - 05-08-2024 *\/\n.elementor-widget-image{text-align:center}.elementor-widget-image a{display:inline-block}.elementor-widget-image a img[src$=\".svg\"]{width:48px}.elementor-widget-image img{vertical-align:middle;display:inline-block}<\/style>\t\t\t\t\t\t\t\t\t\t<img fetchpriority=\"high\" decoding=\"async\" width=\"616\" height=\"861\" src=\"https:\/\/antakademi.com.tr\/wp-content\/uploads\/2024\/09\/5996931932_11-botanik-afis.jpg\" class=\"attachment-large size-large wp-image-6777\" alt=\"\" srcset=\"https:\/\/antakademi.com.tr\/wp-content\/uploads\/2024\/09\/5996931932_11-botanik-afis.jpg 616w, https:\/\/antakademi.com.tr\/wp-content\/uploads\/2024\/09\/5996931932_11-botanik-afis-215x300.jpg 215w, https:\/\/antakademi.com.tr\/wp-content\/uploads\/2024\/09\/5996931932_11-botanik-afis-9x12.jpg 9w\" sizes=\"(max-width: 616px) 100vw, 616px\" \/>\t\t\t\t\t\t\t\t\t\t\t\t\t<\/div>\n\t\t\t\t<\/div>\n\t\t\t\t<\/div>\n\t\t<div class=\"elementor-element elementor-element-bcfaaeb e-con-full e-flex e-con e-child\" data-id=\"bcfaaeb\" data-element_type=\"container\">\n\t\t\t\t<div class=\"elementor-element elementor-element-9fafa5f elementor-widget elementor-widget-text-editor\" data-id=\"9fafa5f\" data-element_type=\"widget\" data-widget_type=\"text-editor.default\">\n\t\t\t\t<div class=\"elementor-widget-container\">\n\t\t\t<style>\/*! elementor - v3.23.0 - 05-08-2024 *\/\n.elementor-widget-text-editor.elementor-drop-cap-view-stacked .elementor-drop-cap{background-color:#69727d;color:#fff}.elementor-widget-text-editor.elementor-drop-cap-view-framed .elementor-drop-cap{color:#69727d;border:3px solid;background-color:transparent}.elementor-widget-text-editor:not(.elementor-drop-cap-view-default) .elementor-drop-cap{margin-top:8px}.elementor-widget-text-editor:not(.elementor-drop-cap-view-default) .elementor-drop-cap-letter{width:1em;height:1em}.elementor-widget-text-editor .elementor-drop-cap{float:left;text-align:center;line-height:1;font-size:50px}.elementor-widget-text-editor .elementor-drop-cap-letter{display:inline-block}<\/style>\t\t\t\t<p><b><strong>De\u011ferli Kat\u0131l\u0131mc\u0131lar,<\/strong><\/b><\/p><p>\u00dclkemizde bitki bilimi alan\u0131nda ara\u015ft\u0131rmalar yapan meslek gruplar\u0131n\u0131 bir araya getirerek, bilgi ve deneyimlerin payla\u015f\u0131lmas\u0131n\u0131 ama\u00e7layan Ulusal Botanik Kongrelerinin 11.&#8217;sini 24-26 Ekim 2024 tarihleri aras\u0131nda, Amasya \u00dcniversitesi ev sahipli\u011finde y\u00fcz y\u00fcze ve online olarak d\u00fczenliyoruz.<\/p><p>Kongre kapsam\u0131nda, benzer alanlarda \u00e7al\u0131\u015fan bilim insanlar\u0131n\u0131n fikir al\u0131\u015fveri\u015finde bulunmas\u0131, multidisipliner ara\u015ft\u0131rmalar a\u00e7\u0131s\u0131ndan tan\u0131\u015fma ortam\u0131 olu\u015fturulmas\u0131, lisans\/lisans\u00fcst\u00fc \u00f6\u011frenciler i\u00e7in ba\u015far\u0131l\u0131 bir sunum ve kongre deneyimi hedeflenmektedir. Ara\u015ft\u0131rmac\u0131lar\u0131m\u0131z aras\u0131nda ger\u00e7ekle\u015fecek olan bilgi payla\u015f\u0131m\u0131n\u0131n, \u00fclkemize ve bilim d\u00fcnyas\u0131na de\u011ferli katk\u0131lar sa\u011flayaca\u011f\u0131n\u0131 d\u00fc\u015f\u00fcnerek Bitki Bilimi alan\u0131nda \u00f6nemli \u00e7al\u0131\u015fmalar y\u00fcr\u00fcten siz de\u011ferli ara\u015ft\u0131rmac\u0131lar\u0131 kongremize davet ediyoruz. \u00a0\u00a0<\/p><p>Y\u00fcz y\u00fcze ve online olarak d\u00fczenleyece\u011fimiz 11. Ulusal Botanik Kongresi\u2019nde sizleri aram\u0131zda g\u00f6rmekten ve \u00fcniversitemizde a\u011f\u0131rlamaktan onur duyaca\u011f\u0131m\u0131z\u0131 belirtir, sayg\u0131lar sunar\u0131z. \u00a0 \u00a0<\/p><p>\u00a0<\/p><p><strong>KONGRE BA\u015eKANI<\/strong><\/p><p>Prof. Dr. Neslihan KARAV\u0130N, Amasya \u00dcniversitesi, Fen Edebiyat Fak\u00fcltesi, Biyoloji B\u00f6l\u00fcm\u00fc<\/p>\t\t\t\t\t\t<\/div>\n\t\t\t\t<\/div>\n\t\t\t\t<\/div>\n\t\t\t\t\t<\/div>\n\t\t\t\t<\/div>\n\t\t<div class=\"elementor-element elementor-element-6ad316d e-flex e-con-boxed e-con e-parent\" data-id=\"6ad316d\" data-element_type=\"container\">\n\t\t\t\t\t<div class=\"e-con-inner\">\n\t\t\t\t<div class=\"elementor-element elementor-element-c352fd7 elementor-align-center elementor-widget elementor-widget-button\" data-id=\"c352fd7\" data-element_type=\"widget\" data-widget_type=\"button.default\">\n\t\t\t\t<div class=\"elementor-widget-container\">\n\t\t\t\t\t<div class=\"elementor-button-wrapper\">\n\t\t\t<a class=\"elementor-button elementor-button-link elementor-size-sm\" href=\"https:\/\/www.botanik.web.tr\/congre\/\">\n\t\t\t\t\t\t<span class=\"elementor-button-content-wrapper\">\n\t\t\t\t\t\t\t\t\t<span class=\"elementor-button-text\">Kongre Websitesi<\/span>\n\t\t\t\t\t<\/span>\n\t\t\t\t\t<\/a>\n\t\t<\/div>\n\t\t\t\t<\/div>\n\t\t\t\t<\/div>\n\t\t\t\t\t<\/div>\n\t\t\t\t<\/div>\n\t\t\t\t<\/div>","protected":false},"excerpt":{"rendered":"<p>De\u011ferli Kat\u0131l\u0131mc\u0131lar, \u00dclkemizde bitki bilimi alan\u0131nda ara\u015ft\u0131rmalar yapan meslek gruplar\u0131n\u0131 bir araya getirerek, bilgi ve deneyimlerin payla\u015f\u0131lmas\u0131n\u0131 ama\u00e7layan Ulusal Botanik [&hellip;]<\/p>","protected":false},"author":1,"featured_media":0,"parent":0,"menu_order":0,"comment_status":"closed","ping_status":"closed","template":"","meta":{"footnotes":""},"class_list":["post-6624","page","type-page","status-publish","hentry"],"_links":{"self":[{"href":"https:\/\/antakademi.com.tr\/en\/wp-json\/wp\/v2\/pages\/6624","targetHints":{"allow":["GET"]}}],"collection":[{"href":"https:\/\/antakademi.com.tr\/en\/wp-json\/wp\/v2\/pages"}],"about":[{"href":"https:\/\/antakademi.com.tr\/en\/wp-json\/wp\/v2\/types\/page"}],"author":[{"embeddable":true,"href":"https:\/\/antakademi.com.tr\/en\/wp-json\/wp\/v2\/users\/1"}],"replies":[{"embeddable":true,"href":"https:\/\/antakademi.com.tr\/en\/wp-json\/wp\/v2\/comments?post=6624"}],"version-history":[{"count":5,"href":"https:\/\/antakademi.com.tr\/en\/wp-json\/wp\/v2\/pages\/6624\/revisions"}],"predecessor-version":[{"id":6890,"href":"https:\/\/antakademi.com.tr\/en\/wp-json\/wp\/v2\/pages\/6624\/revisions\/6890"}],"wp:attachment":[{"href":"https:\/\/antakademi.com.tr\/en\/wp-json\/wp\/v2\/media?parent=6624"}],"curies":[{"name":"wp","href":"https:\/\/api.w.org\/{rel}","templated":true}]}}