{"id":6620,"date":"2024-09-07T16:31:42","date_gmt":"2024-09-07T16:31:42","guid":{"rendered":"https:\/\/antakademi.com.tr\/?page_id=6620"},"modified":"2024-09-17T07:20:10","modified_gmt":"2024-09-17T07:20:10","slug":"ulusal-alabalik-kongresi","status":"publish","type":"page","link":"https:\/\/antakademi.com.tr\/en\/ulusal-alabalik-kongresi\/","title":{"rendered":"Ulusal Alabal\u0131k Kongresi"},"content":{"rendered":"<div data-elementor-type=\"wp-page\" data-elementor-id=\"6620\" class=\"elementor elementor-6620\">\n\t\t\t\t<div class=\"elementor-element elementor-element-32319ff e-flex e-con-boxed e-con e-parent\" data-id=\"32319ff\" data-element_type=\"container\">\n\t\t\t\t\t<div class=\"e-con-inner\">\n\t\t<div class=\"elementor-element elementor-element-e8ea9de e-con-full e-flex e-con e-child\" data-id=\"e8ea9de\" data-element_type=\"container\">\n\t\t\t\t<div class=\"elementor-element elementor-element-9d7d5bf elementor-widget elementor-widget-image\" data-id=\"9d7d5bf\" data-element_type=\"widget\" data-widget_type=\"image.default\">\n\t\t\t\t<div class=\"elementor-widget-container\">\n\t\t\t<style>\/*! elementor - v3.23.0 - 05-08-2024 *\/\n.elementor-widget-image{text-align:center}.elementor-widget-image a{display:inline-block}.elementor-widget-image a img[src$=\".svg\"]{width:48px}.elementor-widget-image img{vertical-align:middle;display:inline-block}<\/style>\t\t\t\t\t\t\t\t\t\t<img fetchpriority=\"high\" decoding=\"async\" width=\"614\" height=\"861\" src=\"https:\/\/antakademi.com.tr\/wp-content\/uploads\/2024\/09\/7516029155_8-ulusal-alabalik-kongresi.jpg\" class=\"attachment-large size-large wp-image-6706\" alt=\"\" srcset=\"https:\/\/antakademi.com.tr\/wp-content\/uploads\/2024\/09\/7516029155_8-ulusal-alabalik-kongresi.jpg 614w, https:\/\/antakademi.com.tr\/wp-content\/uploads\/2024\/09\/7516029155_8-ulusal-alabalik-kongresi-214x300.jpg 214w, https:\/\/antakademi.com.tr\/wp-content\/uploads\/2024\/09\/7516029155_8-ulusal-alabalik-kongresi-9x12.jpg 9w\" sizes=\"(max-width: 614px) 100vw, 614px\" \/>\t\t\t\t\t\t\t\t\t\t\t\t\t<\/div>\n\t\t\t\t<\/div>\n\t\t\t\t<\/div>\n\t\t<div class=\"elementor-element elementor-element-da5c780 e-con-full e-flex e-con e-child\" data-id=\"da5c780\" data-element_type=\"container\">\n\t\t\t\t<div class=\"elementor-element elementor-element-5700c8d elementor-widget elementor-widget-text-editor\" data-id=\"5700c8d\" data-element_type=\"widget\" data-widget_type=\"text-editor.default\">\n\t\t\t\t<div class=\"elementor-widget-container\">\n\t\t\t<style>\/*! elementor - v3.23.0 - 05-08-2024 *\/\n.elementor-widget-text-editor.elementor-drop-cap-view-stacked .elementor-drop-cap{background-color:#69727d;color:#fff}.elementor-widget-text-editor.elementor-drop-cap-view-framed .elementor-drop-cap{color:#69727d;border:3px solid;background-color:transparent}.elementor-widget-text-editor:not(.elementor-drop-cap-view-default) .elementor-drop-cap{margin-top:8px}.elementor-widget-text-editor:not(.elementor-drop-cap-view-default) .elementor-drop-cap-letter{width:1em;height:1em}.elementor-widget-text-editor .elementor-drop-cap{float:left;text-align:center;line-height:1;font-size:50px}.elementor-widget-text-editor .elementor-drop-cap-letter{display:inline-block}<\/style>\t\t\t\t<p><span style=\"color: #000000; font-family: times new roman; font-size: large;\">Say\u0131n Hocam\/Meslekta\u015f\u0131m,<\/span><\/p><p><span style=\"color: #000000; font-family: times new roman; font-size: large;\">09-10 Aral\u0131k 2024 tarihleri aras\u0131nda \u201c 8. Ulusal Alabal\u0131k Kongresi\u201d online olarak d\u00fczenlenecektir.<\/span><\/p><p><span style=\"color: #000000; font-family: times new roman; font-size: large;\">Kongrenin amac\u0131, g\u00f6kku\u015fa\u011f\u0131 alabal\u0131\u011f\u0131, di\u011fer <\/span><span style=\"color: #000000; font-family: times new roman; font-size: large;\">salmonidler ve bal\u0131klar \u00fczerine \u00e7al\u0131\u015fma yapan akademik, ara\u015ft\u0131r\u0131c\u0131 ve sekt\u00f6r \u00e7al\u0131\u015fanlar\u0131n\u0131 bir araya getirmek, su \u00fcr\u00fcnleri konusunda yeni ara\u015ft\u0131rma ve geli\u015fmeleri payla\u015fmak, sekt\u00f6rel geli\u015fmeleri ve sorunlar\u0131 tart\u0131\u015fmak, \u00e7\u00f6z\u00fcm \u00f6nerileri \u00fcretmektir.\u00a0<\/span><\/p><p><span style=\"color: #000000; font-family: times new roman; font-size: large;\">Kongrede kabul edilen ve sunulan bildirilerin tamam\u0131 \u00f6zet bildiri ve tam metin kitab\u0131nda E-ISBN\u2019li olarak,\u00a0 tercihe g\u00f6re dergi kurallar\u0131na uygun s\u00fcre\u00e7lerden ge\u00e7tikten sonra\u00a0Journal of Applied Biological Sciences (www.jabsonline.org) dergisinde makale olarak\u00a0 yay\u0131nlanacakt\u0131r.<\/span><\/p><p><span style=\"color: #000000; font-family: times new roman; font-size: large;\">Kongre ile ilgili di\u011fer duyuru ve geli\u015fmeleri https:\/\/www.alabalik.gen.tr web adresi \u00fczerinden ula\u015fabilirsiniz.\u00a0<\/span><\/p><p><span style=\"color: #000000; font-family: times new roman; font-size: large;\">Sizleri kongremizde g\u00f6rmekten mutluluk duyaca\u011f\u0131z.\u00a0<\/span><\/p><p><span style=\"color: #000000; font-family: times new roman; font-size: large;\">Kongre Ba\u015fkan\u0131\u00a0<\/span><\/p><p><span style=\"color: #000000; font-family: times new roman; font-size: large;\">Prof. Dr. Mehmet Karata\u015f, Necmettin Erbakan \u00dcniversitesi<\/span><\/p>\t\t\t\t\t\t<\/div>\n\t\t\t\t<\/div>\n\t\t\t\t<\/div>\n\t\t\t\t\t<\/div>\n\t\t\t\t<\/div>\n\t\t<div class=\"elementor-element elementor-element-1d6afa1 e-flex e-con-boxed e-con e-parent\" data-id=\"1d6afa1\" data-element_type=\"container\">\n\t\t\t\t\t<div class=\"e-con-inner\">\n\t\t\t\t<div class=\"elementor-element elementor-element-6cb1479 elementor-align-center elementor-widget elementor-widget-button\" data-id=\"6cb1479\" data-element_type=\"widget\" data-widget_type=\"button.default\">\n\t\t\t\t<div class=\"elementor-widget-container\">\n\t\t\t\t\t<div class=\"elementor-button-wrapper\">\n\t\t\t<a class=\"elementor-button elementor-button-link elementor-size-sm\" href=\"https:\/\/www.alabalik.gen.tr\/\">\n\t\t\t\t\t\t<span class=\"elementor-button-content-wrapper\">\n\t\t\t\t\t\t\t\t\t<span class=\"elementor-button-text\">Kongre Websitesi<\/span>\n\t\t\t\t\t<\/span>\n\t\t\t\t\t<\/a>\n\t\t<\/div>\n\t\t\t\t<\/div>\n\t\t\t\t<\/div>\n\t\t\t\t\t<\/div>\n\t\t\t\t<\/div>\n\t\t\t\t<\/div>","protected":false},"excerpt":{"rendered":"<p>Say\u0131n Hocam\/Meslekta\u015f\u0131m, 09-10 Aral\u0131k 2024 tarihleri aras\u0131nda \u201c 8. Ulusal Alabal\u0131k Kongresi\u201d online olarak d\u00fczenlenecektir. Kongrenin amac\u0131, g\u00f6kku\u015fa\u011f\u0131 alabal\u0131\u011f\u0131, di\u011fer [&hellip;]<\/p>","protected":false},"author":1,"featured_media":0,"parent":0,"menu_order":0,"comment_status":"closed","ping_status":"closed","template":"","meta":{"footnotes":""},"class_list":["post-6620","page","type-page","status-publish","hentry"],"_links":{"self":[{"href":"https:\/\/antakademi.com.tr\/en\/wp-json\/wp\/v2\/pages\/6620","targetHints":{"allow":["GET"]}}],"collection":[{"href":"https:\/\/antakademi.com.tr\/en\/wp-json\/wp\/v2\/pages"}],"about":[{"href":"https:\/\/antakademi.com.tr\/en\/wp-json\/wp\/v2\/types\/page"}],"author":[{"embeddable":true,"href":"https:\/\/antakademi.com.tr\/en\/wp-json\/wp\/v2\/users\/1"}],"replies":[{"embeddable":true,"href":"https:\/\/antakademi.com.tr\/en\/wp-json\/wp\/v2\/comments?post=6620"}],"version-history":[{"count":5,"href":"https:\/\/antakademi.com.tr\/en\/wp-json\/wp\/v2\/pages\/6620\/revisions"}],"predecessor-version":[{"id":6816,"href":"https:\/\/antakademi.com.tr\/en\/wp-json\/wp\/v2\/pages\/6620\/revisions\/6816"}],"wp:attachment":[{"href":"https:\/\/antakademi.com.tr\/en\/wp-json\/wp\/v2\/media?parent=6620"}],"curies":[{"name":"wp","href":"https:\/\/api.w.org\/{rel}","templated":true}]}}